{"id":1230,"date":"2020-12-16T08:42:36","date_gmt":"2020-12-16T13:42:36","guid":{"rendered":"https:\/\/ngtek.ca\/produit\/auto-fish-striker\/"},"modified":"2025-01-18T08:50:43","modified_gmt":"2025-01-18T13:50:43","slug":"auto-fish-striker","status":"publish","type":"product","link":"https:\/\/ngtek.ca\/en\/produit\/auto-fish-striker\/","title":{"rendered":"Auto fish striker"},"content":{"rendered":"","protected":false},"excerpt":{"rendered":"<p>L\u2019auto ferrant est un accessoire con\u00e7u pour le IceJigger et le IceJigger Type R. Il s\u2019installe sur la canne et permet d\u2019induire une tension r\u00e9glable qui sera lib\u00e9r\u00e9e lors d\u2019une attaque permettant de ferrer le poisson.<\/p>\n<p>Note : La canne doit \u00eatre install\u00e9e inversement aux instructions de base du IceJigger, le moulinet doit \u00eatre vers le bas avec de mettre la tension dans le bon sens de la tige de la canne.<\/p>\n<p><strong>\u00a0<\/strong><\/p>\n","protected":false},"featured_media":1107,"comment_status":"open","ping_status":"closed","template":"","meta":{"_acf_changed":false,"_monsterinsights_skip_tracking":false,"_monsterinsights_sitenote_active":false,"_monsterinsights_sitenote_note":"","_monsterinsights_sitenote_category":0,"_uf_show_specific_survey":0,"_uf_disable_surveys":false},"product_cat":[56],"product_tag":[],"class_list":["post-1230","product","type-product","status-publish","has-post-thumbnail","hentry","product_cat-fishing"],"acf":[],"aioseo_notices":[],"_links":{"self":[{"href":"https:\/\/ngtek.ca\/en\/wp-json\/wp\/v2\/product\/1230","targetHints":{"allow":["GET"]}}],"collection":[{"href":"https:\/\/ngtek.ca\/en\/wp-json\/wp\/v2\/product"}],"about":[{"href":"https:\/\/ngtek.ca\/en\/wp-json\/wp\/v2\/types\/product"}],"replies":[{"embeddable":true,"href":"https:\/\/ngtek.ca\/en\/wp-json\/wp\/v2\/comments?post=1230"}],"version-history":[{"count":2,"href":"https:\/\/ngtek.ca\/en\/wp-json\/wp\/v2\/product\/1230\/revisions"}],"predecessor-version":[{"id":1862,"href":"https:\/\/ngtek.ca\/en\/wp-json\/wp\/v2\/product\/1230\/revisions\/1862"}],"wp:featuredmedia":[{"embeddable":true,"href":"https:\/\/ngtek.ca\/en\/wp-json\/wp\/v2\/media\/1107"}],"wp:attachment":[{"href":"https:\/\/ngtek.ca\/en\/wp-json\/wp\/v2\/media?parent=1230"}],"wp:term":[{"taxonomy":"product_cat","embeddable":true,"href":"https:\/\/ngtek.ca\/en\/wp-json\/wp\/v2\/product_cat?post=1230"},{"taxonomy":"product_tag","embeddable":true,"href":"https:\/\/ngtek.ca\/en\/wp-json\/wp\/v2\/product_tag?post=1230"}],"curies":[{"name":"wp","href":"https:\/\/api.w.org\/{rel}","templated":true}]}}